{"id":756,"date":"2024-01-13T02:50:05","date_gmt":"2024-01-12T23:50:05","guid":{"rendered":"https:\/\/playroomtv.tr\/?page_id=756"},"modified":"2024-01-13T02:57:34","modified_gmt":"2024-01-12T23:57:34","slug":"dijital-tv-yayin-sistemi","status":"publish","type":"page","link":"https:\/\/playroomtv.tr\/en\/dijital-tv-yayin-sistemi\/","title":{"rendered":"Dijital TV Yay\u0131n Sistemi"},"content":{"rendered":"<div data-elementor-type=\"wp-page\" data-elementor-id=\"756\" class=\"elementor elementor-756\" data-elementor-post-type=\"page\">\n\t\t\t\t\t\t\t<div class=\"elementor-element elementor-element-881f7ba e-flex e-con-boxed elementor-invisible e-con e-parent\" data-id=\"881f7ba\" data-element_type=\"container\" data-settings=\"{&quot;jet_parallax_layout_list&quot;:[],&quot;animation&quot;:&quot;fadeInUp&quot;,&quot;content_width&quot;:&quot;boxed&quot;}\" data-core-v316-plus=\"true\">\n\t\t\t\t\t<div class=\"e-con-inner\">\n\t\t\t\t<div class=\"elementor-element elementor-element-9cfb6fb elementor-widget elementor-widget-heading\" data-id=\"9cfb6fb\" data-element_type=\"widget\" data-widget_type=\"heading.default\">\n\t\t\t\t<div class=\"elementor-widget-container\">\n\t\t\t<style>\/*! elementor - v3.18.0 - 04-12-2023 *\/\n.elementor-heading-title{padding:0;margin:0;line-height:1}.elementor-widget-heading .elementor-heading-title[class*=elementor-size-]>a{color:inherit;font-size:inherit;line-height:inherit}.elementor-widget-heading .elementor-heading-title.elementor-size-small{font-size:15px}.elementor-widget-heading .elementor-heading-title.elementor-size-medium{font-size:19px}.elementor-widget-heading .elementor-heading-title.elementor-size-large{font-size:29px}.elementor-widget-heading .elementor-heading-title.elementor-size-xl{font-size:39px}.elementor-widget-heading .elementor-heading-title.elementor-size-xxl{font-size:59px}<\/style><h2 class=\"elementor-heading-title elementor-size-default\">Dijital TV Yay\u0131n Sistemi<\/h2>\t\t<\/div>\n\t\t\t\t<\/div>\n\t\t<div class=\"elementor-element elementor-element-14e66b6 e-flex e-con-boxed e-con e-child\" data-id=\"14e66b6\" data-element_type=\"container\" data-settings=\"{&quot;jet_parallax_layout_list&quot;:[],&quot;content_width&quot;:&quot;boxed&quot;}\">\n\t\t\t\t\t<div class=\"e-con-inner\">\n\t\t<div class=\"elementor-element elementor-element-2a43ee0 e-con-full e-flex elementor-invisible e-con e-child\" data-id=\"2a43ee0\" data-element_type=\"container\" data-settings=\"{&quot;content_width&quot;:&quot;full&quot;,&quot;jet_parallax_layout_list&quot;:[],&quot;animation&quot;:&quot;fadeInLeft&quot;}\">\n\t\t\t\t<div class=\"elementor-element elementor-element-b8812f0 elementor-widget elementor-widget-image\" data-id=\"b8812f0\" data-element_type=\"widget\" data-widget_type=\"image.default\">\n\t\t\t\t<div class=\"elementor-widget-container\">\n\t\t\t<style>\/*! elementor - v3.18.0 - 04-12-2023 *\/\n.elementor-widget-image{text-align:center}.elementor-widget-image a{display:inline-block}.elementor-widget-image a img[src$=\".svg\"]{width:48px}.elementor-widget-image img{vertical-align:middle;display:inline-block}<\/style>\t\t\t\t\t\t\t\t\t\t\t\t<img fetchpriority=\"high\" decoding=\"async\" width=\"1024\" height=\"1024\" src=\"https:\/\/playroomtv.tr\/wp-content\/uploads\/2024\/01\/1-1.png\" class=\"elementor-animation-grow attachment-large size-large wp-image-762\" alt=\"\" srcset=\"https:\/\/playroomtv.tr\/wp-content\/uploads\/2024\/01\/1-1.png 1024w, https:\/\/playroomtv.tr\/wp-content\/uploads\/2024\/01\/1-1-300x300.png 300w, https:\/\/playroomtv.tr\/wp-content\/uploads\/2024\/01\/1-1-150x150.png 150w, https:\/\/playroomtv.tr\/wp-content\/uploads\/2024\/01\/1-1-768x768.png 768w, https:\/\/playroomtv.tr\/wp-content\/uploads\/2024\/01\/1-1-12x12.png 12w, https:\/\/playroomtv.tr\/wp-content\/uploads\/2024\/01\/1-1-500x500.png 500w\" sizes=\"(max-width: 1024px) 100vw, 1024px\" \/>\t\t\t\t\t\t\t\t\t\t\t\t\t\t\t<\/div>\n\t\t\t\t<\/div>\n\t\t\t\t<\/div>\n\t\t<div class=\"elementor-element elementor-element-b41cd24 e-con-full e-flex elementor-invisible e-con e-child\" data-id=\"b41cd24\" data-element_type=\"container\" data-settings=\"{&quot;content_width&quot;:&quot;full&quot;,&quot;jet_parallax_layout_list&quot;:[],&quot;animation&quot;:&quot;fadeInRight&quot;}\">\n\t\t\t\t<div class=\"elementor-element elementor-element-658886d elementor-widget elementor-widget-text-editor\" data-id=\"658886d\" data-element_type=\"widget\" data-widget_type=\"text-editor.default\">\n\t\t\t\t<div class=\"elementor-widget-container\">\n\t\t\t<style>\/*! elementor - v3.18.0 - 04-12-2023 *\/\n.elementor-widget-text-editor.elementor-drop-cap-view-stacked .elementor-drop-cap{background-color:#69727d;color:#fff}.elementor-widget-text-editor.elementor-drop-cap-view-framed .elementor-drop-cap{color:#69727d;border:3px solid;background-color:transparent}.elementor-widget-text-editor:not(.elementor-drop-cap-view-default) .elementor-drop-cap{margin-top:8px}.elementor-widget-text-editor:not(.elementor-drop-cap-view-default) .elementor-drop-cap-letter{width:1em;height:1em}.elementor-widget-text-editor .elementor-drop-cap{float:left;text-align:center;line-height:1;font-size:50px}.elementor-widget-text-editor .elementor-drop-cap-letter{display:inline-block}<\/style>\t\t\t\t<p><strong>Netko Sistem: Dijital TV Yay\u0131n Sisteminde \u00d6nc\u00fcl\u00fck ve M\u00fckemmellik<\/strong><\/p><p>Dijital \u00e7a\u011fda, televizyon yay\u0131nc\u0131l\u0131\u011f\u0131n\u0131n evrimi, izleyici deneyimini tamamen de\u011fi\u015ftirdi. Bu de\u011fi\u015fimin \u00f6nc\u00fcs\u00fc olan Netko Sistem Teknoloji ve Bilgi \u0130\u015flem Hizmetleri San. Tic. Ltd. \u015eti., T\u00fcrkiye&#8217;de dijital TV yay\u0131n sistemlerinde yenilik\u00e7ilik ve m\u00fckemmellik ile ad\u0131ndan s\u00f6z ettiriyor. Firma, y\u00fcksek kaliteli dijital yay\u0131nc\u0131l\u0131k \u00e7\u00f6z\u00fcmleriyle sekt\u00f6rdeki standartlar\u0131 yeniden belirliyor.<\/p><p>Dijital TV yay\u0131n sistemi, analog yay\u0131nc\u0131l\u0131\u011f\u0131n s\u0131n\u0131rlamalar\u0131n\u0131 a\u015farak, daha y\u00fcksek \u00e7\u00f6z\u00fcn\u00fcrl\u00fck, daha iyi ses kalitesi ve daha geni\u015f i\u00e7erik yelpazesi sunar. Netko Sistem, HD ve 4K gibi y\u00fcksek \u00e7\u00f6z\u00fcn\u00fcrl\u00fckl\u00fc formatlar\u0131 destekleyen altyap\u0131s\u0131yla, izleyicilere kesintisiz ve \u00fcst d\u00fczey bir g\u00f6rsel deneyim sa\u011fl\u0131yor. Ayr\u0131ca, dijital yay\u0131nc\u0131l\u0131k, daha fazla kanal se\u00e7ene\u011fi ve \u00f6zelle\u015ftirilmi\u015f i\u00e7erik se\u00e7imleri ile ki\u015fiselle\u015ftirilmi\u015f bir izleme deneyimi sunar.<\/p>\t\t\t\t\t\t<\/div>\n\t\t\t\t<\/div>\n\t\t\t\t<\/div>\n\t\t\t\t\t<\/div>\n\t\t\t\t<\/div>\n\t\t\t\t\t<\/div>\n\t\t\t\t<\/div>\n\t\t<div class=\"elementor-element elementor-element-d636c53 e-flex e-con-boxed e-con e-parent\" data-id=\"d636c53\" data-element_type=\"container\" data-settings=\"{&quot;jet_parallax_layout_list&quot;:[],&quot;content_width&quot;:&quot;boxed&quot;}\" data-core-v316-plus=\"true\">\n\t\t\t\t\t<div class=\"e-con-inner\">\n\t\t<div class=\"elementor-element elementor-element-a30f31f e-con-full e-flex elementor-invisible e-con e-child\" data-id=\"a30f31f\" data-element_type=\"container\" data-settings=\"{&quot;content_width&quot;:&quot;full&quot;,&quot;jet_parallax_layout_list&quot;:[],&quot;animation&quot;:&quot;fadeInLeft&quot;}\">\n\t\t\t\t<div class=\"elementor-element elementor-element-f47eb10 elementor-widget elementor-widget-text-editor\" data-id=\"f47eb10\" data-element_type=\"widget\" data-widget_type=\"text-editor.default\">\n\t\t\t\t<div class=\"elementor-widget-container\">\n\t\t\t\t\t\t\t<p>Netko Sistem, dijital TV yay\u0131n sistemlerini, en son teknoloji ve yaz\u0131l\u0131m \u00e7\u00f6z\u00fcmleriyle donat\u0131yor. Bu sistemler, \u00e7oklu platform deste\u011fi sayesinde, izleyicilere televizyonlar\u0131n\u0131n yan\u0131 s\u0131ra ak\u0131ll\u0131 telefonlar, tabletler ve bilgisayarlar \u00fczerinden de eri\u015fim imkan\u0131 sunuyor. Bu, izleyicilerin herhangi bir cihazdan, herhangi bir yerde, sevdikleri i\u00e7eriklere eri\u015febilmeleri anlam\u0131na gelir.<\/p><p>Firman\u0131n dijital TV yay\u0131n sistemleri, interaktif \u00f6zellikler ve zengin i\u00e7erik k\u00fct\u00fcphaneleri ile de \u00f6ne \u00e7\u0131k\u0131yor. &#8220;Video on demand&#8221; (VOD) ve &#8220;catch-up TV&#8221; hizmetleri, izleyicilere istedikleri zaman istedikleri programlar\u0131 izleme \u00f6zg\u00fcrl\u00fc\u011f\u00fc veriyor. Netko Sistem, ayr\u0131ca, kullan\u0131c\u0131lar\u0131n tercihlerine g\u00f6re ki\u015fiselle\u015ftirilmi\u015f \u00f6neriler sunan ak\u0131ll\u0131 algoritmalar geli\u015ftiriyor. Bu, kullan\u0131c\u0131 deneyimini daha da zenginle\u015ftiriyor ve m\u00fc\u015fteri memnuniyetini art\u0131r\u0131yor.<\/p>\t\t\t\t\t\t<\/div>\n\t\t\t\t<\/div>\n\t\t\t\t<\/div>\n\t\t<div class=\"elementor-element elementor-element-22fd78e e-con-full e-flex elementor-invisible e-con e-child\" data-id=\"22fd78e\" data-element_type=\"container\" data-settings=\"{&quot;content_width&quot;:&quot;full&quot;,&quot;jet_parallax_layout_list&quot;:[],&quot;animation&quot;:&quot;fadeInRight&quot;}\">\n\t\t\t\t<div class=\"elementor-element elementor-element-6175c96 elementor-widget elementor-widget-image\" data-id=\"6175c96\" data-element_type=\"widget\" data-widget_type=\"image.default\">\n\t\t\t\t<div class=\"elementor-widget-container\">\n\t\t\t\t\t\t\t\t\t\t\t\t\t\t\t<img decoding=\"async\" width=\"1024\" height=\"1024\" src=\"https:\/\/playroomtv.tr\/wp-content\/uploads\/2024\/01\/2-1.png\" class=\"elementor-animation-grow attachment-large size-large wp-image-763\" alt=\"\" srcset=\"https:\/\/playroomtv.tr\/wp-content\/uploads\/2024\/01\/2-1.png 1024w, https:\/\/playroomtv.tr\/wp-content\/uploads\/2024\/01\/2-1-300x300.png 300w, https:\/\/playroomtv.tr\/wp-content\/uploads\/2024\/01\/2-1-150x150.png 150w, https:\/\/playroomtv.tr\/wp-content\/uploads\/2024\/01\/2-1-768x768.png 768w, https:\/\/playroomtv.tr\/wp-content\/uploads\/2024\/01\/2-1-12x12.png 12w, https:\/\/playroomtv.tr\/wp-content\/uploads\/2024\/01\/2-1-500x500.png 500w\" sizes=\"(max-width: 1024px) 100vw, 1024px\" \/>\t\t\t\t\t\t\t\t\t\t\t\t\t\t\t<\/div>\n\t\t\t\t<\/div>\n\t\t\t\t<\/div>\n\t\t\t\t\t<\/div>\n\t\t\t\t<\/div>\n\t\t<div class=\"elementor-element elementor-element-7646da4 e-flex e-con-boxed e-con e-parent\" data-id=\"7646da4\" data-element_type=\"container\" data-settings=\"{&quot;jet_parallax_layout_list&quot;:[],&quot;content_width&quot;:&quot;boxed&quot;}\" data-core-v316-plus=\"true\">\n\t\t\t\t\t<div class=\"e-con-inner\">\n\t\t<div class=\"elementor-element elementor-element-6adc80f e-con-full e-flex elementor-invisible e-con e-child\" data-id=\"6adc80f\" data-element_type=\"container\" data-settings=\"{&quot;content_width&quot;:&quot;full&quot;,&quot;jet_parallax_layout_list&quot;:[],&quot;animation&quot;:&quot;fadeInLeft&quot;}\">\n\t\t\t\t<div class=\"elementor-element elementor-element-e383b5f elementor-widget elementor-widget-image\" data-id=\"e383b5f\" data-element_type=\"widget\" data-widget_type=\"image.default\">\n\t\t\t\t<div class=\"elementor-widget-container\">\n\t\t\t\t\t\t\t\t\t\t\t\t\t\t\t<img decoding=\"async\" width=\"1024\" height=\"1024\" src=\"https:\/\/playroomtv.tr\/wp-content\/uploads\/2024\/01\/3-1.png\" class=\"elementor-animation-grow attachment-large size-large wp-image-764\" alt=\"\" srcset=\"https:\/\/playroomtv.tr\/wp-content\/uploads\/2024\/01\/3-1.png 1024w, https:\/\/playroomtv.tr\/wp-content\/uploads\/2024\/01\/3-1-300x300.png 300w, https:\/\/playroomtv.tr\/wp-content\/uploads\/2024\/01\/3-1-150x150.png 150w, https:\/\/playroomtv.tr\/wp-content\/uploads\/2024\/01\/3-1-768x768.png 768w, https:\/\/playroomtv.tr\/wp-content\/uploads\/2024\/01\/3-1-12x12.png 12w, https:\/\/playroomtv.tr\/wp-content\/uploads\/2024\/01\/3-1-500x500.png 500w\" sizes=\"(max-width: 1024px) 100vw, 1024px\" \/>\t\t\t\t\t\t\t\t\t\t\t\t\t\t\t<\/div>\n\t\t\t\t<\/div>\n\t\t\t\t<\/div>\n\t\t<div class=\"elementor-element elementor-element-ef7518c e-con-full e-flex elementor-invisible e-con e-child\" data-id=\"ef7518c\" data-element_type=\"container\" data-settings=\"{&quot;content_width&quot;:&quot;full&quot;,&quot;jet_parallax_layout_list&quot;:[],&quot;animation&quot;:&quot;fadeInRight&quot;}\">\n\t\t\t\t<div class=\"elementor-element elementor-element-406c5c9 elementor-widget elementor-widget-text-editor\" data-id=\"406c5c9\" data-element_type=\"widget\" data-widget_type=\"text-editor.default\">\n\t\t\t\t<div class=\"elementor-widget-container\">\n\t\t\t\t\t\t\t<p>Netko Sistem&#8217;in dijital TV yay\u0131n sistemleri, ticari kurulu\u015flar, e\u011fitim kurumlar\u0131 ve kamu hizmetleri i\u00e7in de de\u011ferli \u00e7\u00f6z\u00fcmler sunuyor. \u00d6rne\u011fin, e\u011fitim sekt\u00f6r\u00fcnde, uzaktan e\u011fitim ve interaktif \u00f6\u011frenme i\u00e7erikleri, dijital platformlar arac\u0131l\u0131\u011f\u0131yla kolayca eri\u015filebilir hale getiriliyor. \u0130\u015f d\u00fcnyas\u0131nda ise, kurumsal ileti\u015fim ve e\u011fitim materyalleri, dijital TV yay\u0131n sistemleri \u00fczerinden \u00e7al\u0131\u015fanlara sunuluyor.<\/p>\t\t\t\t\t\t<\/div>\n\t\t\t\t<\/div>\n\t\t\t\t<\/div>\n\t\t\t\t\t<\/div>\n\t\t\t\t<\/div>\n\t\t<div class=\"elementor-element elementor-element-c319b4c e-flex e-con-boxed e-con e-parent\" data-id=\"c319b4c\" data-element_type=\"container\" data-settings=\"{&quot;jet_parallax_layout_list&quot;:[],&quot;content_width&quot;:&quot;boxed&quot;}\" data-core-v316-plus=\"true\">\n\t\t\t\t\t<div class=\"e-con-inner\">\n\t\t<div class=\"elementor-element elementor-element-93f75d6 e-con-full e-flex elementor-invisible e-con e-child\" data-id=\"93f75d6\" data-element_type=\"container\" data-settings=\"{&quot;content_width&quot;:&quot;full&quot;,&quot;jet_parallax_layout_list&quot;:[],&quot;animation&quot;:&quot;fadeInLeft&quot;}\">\n\t\t\t\t<div class=\"elementor-element elementor-element-cdeb973 elementor-widget elementor-widget-text-editor\" data-id=\"cdeb973\" data-element_type=\"widget\" data-widget_type=\"text-editor.default\">\n\t\t\t\t<div class=\"elementor-widget-container\">\n\t\t\t\t\t\t\t<p>Netko Sistem, dijital TV yay\u0131n sistemlerinde s\u00fcrekli yenilik pe\u015finde olup, T\u00fcrkiye&#8217;nin dijital yay\u0131nc\u0131l\u0131k alan\u0131ndaki lider firmalar\u0131ndan biri olarak konumunu sa\u011flamla\u015ft\u0131r\u0131yor. Firman\u0131n bu alandaki uzmanl\u0131\u011f\u0131, m\u00fc\u015fterilerine modern, yenilik\u00e7i ve kaliteli bir dijital TV izleme deneyimi sunmas\u0131n\u0131 sa\u011fl\u0131yor.<\/p>\t\t\t\t\t\t<\/div>\n\t\t\t\t<\/div>\n\t\t\t\t<\/div>\n\t\t<div class=\"elementor-element elementor-element-60ea147 e-con-full e-flex elementor-invisible e-con e-child\" data-id=\"60ea147\" data-element_type=\"container\" data-settings=\"{&quot;content_width&quot;:&quot;full&quot;,&quot;jet_parallax_layout_list&quot;:[],&quot;animation&quot;:&quot;fadeInRight&quot;}\">\n\t\t\t\t<div class=\"elementor-element elementor-element-082c474 elementor-widget elementor-widget-image\" data-id=\"082c474\" data-element_type=\"widget\" data-widget_type=\"image.default\">\n\t\t\t\t<div class=\"elementor-widget-container\">\n\t\t\t\t\t\t\t\t\t\t\t\t\t\t\t<img loading=\"lazy\" decoding=\"async\" width=\"1024\" height=\"1024\" src=\"https:\/\/playroomtv.tr\/wp-content\/uploads\/2024\/01\/4.png\" class=\"elementor-animation-grow attachment-large size-large wp-image-765\" alt=\"\" srcset=\"https:\/\/playroomtv.tr\/wp-content\/uploads\/2024\/01\/4.png 1024w, https:\/\/playroomtv.tr\/wp-content\/uploads\/2024\/01\/4-300x300.png 300w, https:\/\/playroomtv.tr\/wp-content\/uploads\/2024\/01\/4-150x150.png 150w, https:\/\/playroomtv.tr\/wp-content\/uploads\/2024\/01\/4-768x768.png 768w, https:\/\/playroomtv.tr\/wp-content\/uploads\/2024\/01\/4-12x12.png 12w, https:\/\/playroomtv.tr\/wp-content\/uploads\/2024\/01\/4-500x500.png 500w\" sizes=\"(max-width: 1024px) 100vw, 1024px\" \/>\t\t\t\t\t\t\t\t\t\t\t\t\t\t\t<\/div>\n\t\t\t\t<\/div>\n\t\t\t\t<\/div>\n\t\t\t\t\t<\/div>\n\t\t\t\t<\/div>\n\t\t<div class=\"elementor-element elementor-element-0d22890 e-flex e-con-boxed e-con e-parent\" data-id=\"0d22890\" data-element_type=\"container\" data-settings=\"{&quot;jet_parallax_layout_list&quot;:[],&quot;content_width&quot;:&quot;boxed&quot;}\" data-core-v316-plus=\"true\">\n\t\t\t\t\t<div class=\"e-con-inner\">\n\t\t\t\t<div class=\"elementor-element elementor-element-b47e89e elementor-align-center elementor-mobile-align-center elementor-widget elementor-widget-raven-button\" data-id=\"b47e89e\" data-element_type=\"widget\" data-settings=\"{&quot;turn_to_popup_action_button&quot;:&quot;no&quot;}\" data-widget_type=\"raven-button.default\">\n\t\t\t\t<div class=\"elementor-widget-container\">\n\t\t\t\t\t<div class=\"raven-widget-wrapper\">\n\t\t\t<a class=\"raven-button raven-button-widget-normal-effect-shine raven-button-text-align-center raven-button-link elementor-animation-grow\" href=\"https:\/\/playroomtv.tr\/index.php\/contact\/\">\t\t\t\t<div class=\"raven-button-overlay\" ><\/div>\n\t\t\t\t<span class=\"raven-button-content\">\n\t\t\t\t\t\n\t\t\t\t\t<div class=\"button-text-container\">\n\t\t\t\t\t\t\t\t\t\t\t\t<div class=\"raven-button-texts-wrapper\">\n\t\t\t\t\t\t\t<div class=\"button-text\">\n\t\t\t\t\t\t\t\t<span class=\"raven-button-text\">\n\t\t\t\t\t\t\t\t\tTeklif Al\t\t\t\t\t\t\t\t<\/span>\n\t\t\t\t\t\t\t<\/div>\n\t\t\t\t\t\t\t\t\t\t\t\t\t<\/div>\n\t\t\t\t\t\t\t\t\t\t\t<\/div>\n\t\t\t\t\t\n\t\t\t\t\t\t\t\t\t<\/span>\n\t\t\t<\/a>\t\t<\/div>\n\t\t\t\t<\/div>\n\t\t\t\t<\/div>\n\t\t\t\t\t<\/div>\n\t\t\t\t<\/div>\n\t\t\t\t\t\t\t<\/div>","protected":false},"excerpt":{"rendered":"<p>Dijital TV Yay\u0131n Sistemi Netko Sistem: Dijital TV Yay\u0131n Sisteminde \u00d6nc\u00fcl\u00fck ve M\u00fckemmellik Dijital \u00e7a\u011fda, televizyon yay\u0131nc\u0131l\u0131\u011f\u0131n\u0131n evrimi, izleyici deneyimini tamamen de\u011fi\u015ftirdi. Bu de\u011fi\u015fimin \u00f6nc\u00fcs\u00fc olan Netko Sistem Teknoloji ve Bilgi \u0130\u015flem Hizmetleri San. Tic. Ltd. \u015eti., T\u00fcrkiye&#8217;de dijital TV yay\u0131n sistemlerinde yenilik\u00e7ilik ve m\u00fckemmellik ile ad\u0131ndan s\u00f6z ettiriyor. Firma, y\u00fcksek kaliteli dijital yay\u0131nc\u0131l\u0131k \u00e7\u00f6z\u00fcmleriyle [&hellip;]<\/p>","protected":false},"author":1,"featured_media":0,"parent":0,"menu_order":0,"comment_status":"closed","ping_status":"closed","template":"elementor_header_footer","meta":{"footnotes":""},"class_list":["post-756","page","type-page","status-publish","hentry"],"acf":[],"yoast_head":"<!-- This site is optimized with the Yoast SEO Premium plugin v21.8 (Yoast SEO v21.8) - https:\/\/yoast.com\/wordpress\/plugins\/seo\/ -->\n<title>Dijital TV Yay\u0131n Sistemi - Netko Sistem Teknoloji<\/title>\n<meta name=\"robots\" content=\"index, follow, max-snippet:-1, max-image-preview:large, max-video-preview:-1\" \/>\n<link rel=\"canonical\" href=\"https:\/\/playroomtv.tr\/en\/dijital-tv-yayin-sistemi\/\" \/>\n<meta property=\"og:locale\" content=\"en_US\" \/>\n<meta property=\"og:type\" content=\"article\" \/>\n<meta property=\"og:title\" content=\"Dijital TV Yay\u0131n Sistemi\" \/>\n<meta property=\"og:description\" content=\"Dijital TV Yay\u0131n Sistemi Netko Sistem: Dijital TV Yay\u0131n Sisteminde \u00d6nc\u00fcl\u00fck ve M\u00fckemmellik Dijital \u00e7a\u011fda, televizyon yay\u0131nc\u0131l\u0131\u011f\u0131n\u0131n evrimi, izleyici deneyimini tamamen de\u011fi\u015ftirdi. Bu de\u011fi\u015fimin \u00f6nc\u00fcs\u00fc olan Netko Sistem Teknoloji ve Bilgi \u0130\u015flem Hizmetleri San. Tic. Ltd. \u015eti., T\u00fcrkiye&#8217;de dijital TV yay\u0131n sistemlerinde yenilik\u00e7ilik ve m\u00fckemmellik ile ad\u0131ndan s\u00f6z ettiriyor. Firma, y\u00fcksek kaliteli dijital yay\u0131nc\u0131l\u0131k \u00e7\u00f6z\u00fcmleriyle [&hellip;]\" \/>\n<meta property=\"og:url\" content=\"https:\/\/playroomtv.tr\/en\/dijital-tv-yayin-sistemi\/\" \/>\n<meta property=\"og:site_name\" content=\"Netko Sistem Teknoloji\" \/>\n<meta property=\"article:modified_time\" content=\"2024-01-12T23:57:34+00:00\" \/>\n<meta property=\"og:image\" content=\"https:\/\/playroomtv.tr\/wp-content\/uploads\/2024\/01\/1-1.png\" \/>\n<meta name=\"twitter:card\" content=\"summary_large_image\" \/>\n<script type=\"application\/ld+json\" class=\"yoast-schema-graph\">{\"@context\":\"https:\/\/schema.org\",\"@graph\":[{\"@type\":\"WebPage\",\"@id\":\"https:\/\/playroomtv.tr\/dijital-tv-yayin-sistemi\/\",\"url\":\"https:\/\/playroomtv.tr\/dijital-tv-yayin-sistemi\/\",\"name\":\"Dijital TV Yay\u0131n Sistemi - Netko Sistem Teknoloji\",\"isPartOf\":{\"@id\":\"https:\/\/playroomtv.tr\/#website\"},\"datePublished\":\"2024-01-12T23:50:05+00:00\",\"dateModified\":\"2024-01-12T23:57:34+00:00\",\"breadcrumb\":{\"@id\":\"https:\/\/playroomtv.tr\/dijital-tv-yayin-sistemi\/#breadcrumb\"},\"inLanguage\":\"en-US\",\"potentialAction\":[{\"@type\":\"ReadAction\",\"target\":[\"https:\/\/playroomtv.tr\/dijital-tv-yayin-sistemi\/\"]}]},{\"@type\":\"BreadcrumbList\",\"@id\":\"https:\/\/playroomtv.tr\/dijital-tv-yayin-sistemi\/#breadcrumb\",\"itemListElement\":[{\"@type\":\"ListItem\",\"position\":1,\"name\":\"Anasayfa\",\"item\":\"https:\/\/playroomtv.tr\/\"},{\"@type\":\"ListItem\",\"position\":2,\"name\":\"Dijital TV Yay\u0131n Sistemi\"}]},{\"@type\":\"WebSite\",\"@id\":\"https:\/\/playroomtv.tr\/#website\",\"url\":\"https:\/\/playroomtv.tr\/\",\"name\":\"Netko Sistem Teknoloji\",\"description\":\"Netko Sistem Teknoloji\",\"potentialAction\":[{\"@type\":\"SearchAction\",\"target\":{\"@type\":\"EntryPoint\",\"urlTemplate\":\"https:\/\/playroomtv.tr\/?s={search_term_string}\"},\"query-input\":\"required name=search_term_string\"}],\"inLanguage\":\"en-US\"}]}<\/script>\n<!-- \/ Yoast SEO Premium plugin. -->","yoast_head_json":{"title":"Dijital TV Yay\u0131n Sistemi - Netko Sistem Teknoloji","robots":{"index":"index","follow":"follow","max-snippet":"max-snippet:-1","max-image-preview":"max-image-preview:large","max-video-preview":"max-video-preview:-1"},"canonical":"https:\/\/playroomtv.tr\/en\/dijital-tv-yayin-sistemi\/","og_locale":"en_US","og_type":"article","og_title":"Dijital TV Yay\u0131n Sistemi","og_description":"Dijital TV Yay\u0131n Sistemi Netko Sistem: Dijital TV Yay\u0131n Sisteminde \u00d6nc\u00fcl\u00fck ve M\u00fckemmellik Dijital \u00e7a\u011fda, televizyon yay\u0131nc\u0131l\u0131\u011f\u0131n\u0131n evrimi, izleyici deneyimini tamamen de\u011fi\u015ftirdi. Bu de\u011fi\u015fimin \u00f6nc\u00fcs\u00fc olan Netko Sistem Teknoloji ve Bilgi \u0130\u015flem Hizmetleri San. Tic. Ltd. \u015eti., T\u00fcrkiye&#8217;de dijital TV yay\u0131n sistemlerinde yenilik\u00e7ilik ve m\u00fckemmellik ile ad\u0131ndan s\u00f6z ettiriyor. Firma, y\u00fcksek kaliteli dijital yay\u0131nc\u0131l\u0131k \u00e7\u00f6z\u00fcmleriyle [&hellip;]","og_url":"https:\/\/playroomtv.tr\/en\/dijital-tv-yayin-sistemi\/","og_site_name":"Netko Sistem Teknoloji","article_modified_time":"2024-01-12T23:57:34+00:00","og_image":[{"url":"https:\/\/playroomtv.tr\/wp-content\/uploads\/2024\/01\/1-1.png"}],"twitter_card":"summary_large_image","schema":{"@context":"https:\/\/schema.org","@graph":[{"@type":"WebPage","@id":"https:\/\/playroomtv.tr\/dijital-tv-yayin-sistemi\/","url":"https:\/\/playroomtv.tr\/dijital-tv-yayin-sistemi\/","name":"Dijital TV Yay\u0131n Sistemi - Netko Sistem Teknoloji","isPartOf":{"@id":"https:\/\/playroomtv.tr\/#website"},"datePublished":"2024-01-12T23:50:05+00:00","dateModified":"2024-01-12T23:57:34+00:00","breadcrumb":{"@id":"https:\/\/playroomtv.tr\/dijital-tv-yayin-sistemi\/#breadcrumb"},"inLanguage":"en-US","potentialAction":[{"@type":"ReadAction","target":["https:\/\/playroomtv.tr\/dijital-tv-yayin-sistemi\/"]}]},{"@type":"BreadcrumbList","@id":"https:\/\/playroomtv.tr\/dijital-tv-yayin-sistemi\/#breadcrumb","itemListElement":[{"@type":"ListItem","position":1,"name":"Anasayfa","item":"https:\/\/playroomtv.tr\/"},{"@type":"ListItem","position":2,"name":"Dijital TV Yay\u0131n Sistemi"}]},{"@type":"WebSite","@id":"https:\/\/playroomtv.tr\/#website","url":"https:\/\/playroomtv.tr\/","name":"Netko Sistem Teknoloji","description":"Netko Sistem Teknoloji","potentialAction":[{"@type":"SearchAction","target":{"@type":"EntryPoint","urlTemplate":"https:\/\/playroomtv.tr\/?s={search_term_string}"},"query-input":"required name=search_term_string"}],"inLanguage":"en-US"}]}},"_links":{"self":[{"href":"https:\/\/playroomtv.tr\/en\/wp-json\/wp\/v2\/pages\/756","targetHints":{"allow":["GET"]}}],"collection":[{"href":"https:\/\/playroomtv.tr\/en\/wp-json\/wp\/v2\/pages"}],"about":[{"href":"https:\/\/playroomtv.tr\/en\/wp-json\/wp\/v2\/types\/page"}],"author":[{"embeddable":true,"href":"https:\/\/playroomtv.tr\/en\/wp-json\/wp\/v2\/users\/1"}],"replies":[{"embeddable":true,"href":"https:\/\/playroomtv.tr\/en\/wp-json\/wp\/v2\/comments?post=756"}],"version-history":[{"count":4,"href":"https:\/\/playroomtv.tr\/en\/wp-json\/wp\/v2\/pages\/756\/revisions"}],"predecessor-version":[{"id":768,"href":"https:\/\/playroomtv.tr\/en\/wp-json\/wp\/v2\/pages\/756\/revisions\/768"}],"wp:attachment":[{"href":"https:\/\/playroomtv.tr\/en\/wp-json\/wp\/v2\/media?parent=756"}],"curies":[{"name":"wp","href":"https:\/\/api.w.org\/{rel}","templated":true}]}}